{"id":44295,"date":"2025-01-07T18:52:46","date_gmt":"2025-01-07T18:52:46","guid":{"rendered":"https:\/\/zen-morse.176-96-136-90.plesk.page\/institution\/"},"modified":"2025-07-14T10:42:20","modified_gmt":"2025-07-14T10:42:20","slug":"institution","status":"publish","type":"page","link":"https:\/\/bethanien.digitalewege.de\/en\/institution\/","title":{"rendered":"Institution"},"content":{"rendered":"\t\t<div data-elementor-type=\"wp-page\" data-elementor-id=\"44295\" class=\"elementor elementor-44295 elementor-43517\" data-elementor-post-type=\"page\">\n\t\t\t\t<div class=\"elementor-element elementor-element-4534a53 e-con-full dw_interactive_box e-flex e-con e-parent\" data-id=\"4534a53\" data-element_type=\"container\" data-e-type=\"container\" data-settings=\"{&quot;jet_parallax_layout_list&quot;:[]}\">\n\t\t\t\t<\/div>\n\t\t<div class=\"elementor-element elementor-element-533481b e-con-full e-flex e-con e-parent\" data-id=\"533481b\" data-element_type=\"container\" data-e-type=\"container\" data-settings=\"{&quot;jet_parallax_layout_list&quot;:[]}\">\n\t\t\t\t<div class=\"elementor-element elementor-element-385db2b elementor-widget elementor-widget-menu-anchor\" data-id=\"385db2b\" data-element_type=\"widget\" data-e-type=\"widget\" data-widget_type=\"menu-anchor.default\">\n\t\t\t\t<div class=\"elementor-widget-container\">\n\t\t\t\t\t\t\t<div class=\"elementor-menu-anchor\" id=\"anchor\"><\/div>\n\t\t\t\t\t\t<\/div>\n\t\t\t\t<\/div>\n\t\t<div class=\"elementor-element elementor-element-843cb9f e-con-full e-flex e-con e-child\" data-id=\"843cb9f\" data-element_type=\"container\" data-e-type=\"container\" data-settings=\"{&quot;jet_parallax_layout_list&quot;:[]}\">\n\t\t\t\t<div class=\"elementor-element elementor-element-ea6c360 elementor-widget__width-inherit elementor-widget elementor-widget-image\" data-id=\"ea6c360\" data-element_type=\"widget\" data-e-type=\"widget\" data-widget_type=\"image.default\">\n\t\t\t\t<div class=\"elementor-widget-container\">\n\t\t\t\t\t\t\t\t\t\t\t\t\t\t\t<img loading=\"lazy\" decoding=\"async\" width=\"768\" height=\"1024\" src=\"https:\/\/bethanien.digitalewege.de\/wp-content\/uploads\/2025\/02\/Panya-Clark-Espinal_2023_Photo-by-Galya-Feierman-768x1024.jpg\" class=\"attachment-large size-large wp-image-45364\" alt=\"\" srcset=\"https:\/\/bethanien.digitalewege.de\/wp-content\/uploads\/2025\/02\/Panya-Clark-Espinal_2023_Photo-by-Galya-Feierman-768x1024.jpg 768w, https:\/\/bethanien.digitalewege.de\/wp-content\/uploads\/2025\/02\/Panya-Clark-Espinal_2023_Photo-by-Galya-Feierman-225x300.jpg 225w, https:\/\/bethanien.digitalewege.de\/wp-content\/uploads\/2025\/02\/Panya-Clark-Espinal_2023_Photo-by-Galya-Feierman-1152x1536.jpg 1152w, https:\/\/bethanien.digitalewege.de\/wp-content\/uploads\/2025\/02\/Panya-Clark-Espinal_2023_Photo-by-Galya-Feierman-1536x2048.jpg 1536w, https:\/\/bethanien.digitalewege.de\/wp-content\/uploads\/2025\/02\/Panya-Clark-Espinal_2023_Photo-by-Galya-Feierman-600x800.jpg 600w, https:\/\/bethanien.digitalewege.de\/wp-content\/uploads\/2025\/02\/Panya-Clark-Espinal_2023_Photo-by-Galya-Feierman-scaled.jpg 1920w\" sizes=\"auto, (max-width: 768px) 100vw, 768px\" \/>\t\t\t\t\t\t\t\t\t\t\t\t\t\t\t<\/div>\n\t\t\t\t<\/div>\n\t\t\t\t<div class=\"elementor-element elementor-element-625624e bu elementor-widget elementor-widget-text-editor\" data-id=\"625624e\" data-element_type=\"widget\" data-e-type=\"widget\" data-widget_type=\"text-editor.default\">\n\t\t\t\t<div class=\"elementor-widget-container\">\n\t\t\t\t\t\t\t\t\t<p>Panya Clark Espinal, 2023, photo: Galya Feierman<\/p>\t\t\t\t\t\t\t\t<\/div>\n\t\t\t\t<\/div>\n\t\t\t\t<\/div>\n\t\t<div class=\"elementor-element elementor-element-75c5287 e-con-full e-flex e-con e-child\" data-id=\"75c5287\" data-element_type=\"container\" data-e-type=\"container\" data-settings=\"{&quot;jet_parallax_layout_list&quot;:[]}\">\n\t\t\t\t<div class=\"elementor-element elementor-element-c2cdbae elementor-widget elementor-widget-text-editor\" data-id=\"c2cdbae\" data-element_type=\"widget\" data-e-type=\"widget\" data-widget_type=\"text-editor.default\">\n\t\t\t\t<div class=\"elementor-widget-container\">\n\t\t\t\t\t\t\t\t\t<p>K\u00fcnstlerhaus Bethanien is an internationally renowned institution with over 50 years of history and a unique identity. As one of the world\u2019s oldest and most established residency programs, we offer artists from all corners of the globe the opportunity to live, work, and showcase their projects in Berlin. Our space is a place where art is made, dialogues are sparked, and ideas are connected across borders.<\/p><p>Situated in the heart of Kreuzberg \u2013 a district celebrated for its productive energy, diversity, and spirit of resistance \u2013 we see art as a platform for reflection, exchange, and social engagement. Each year, our International Studio Programme brings together around 40 artists from across the world, offering them the chance to present their work through exhibitions, open studios, and events to a wide-ranging audience. These intercultural exchanges ignite new perspectives and fuel innovative artistic practices.<\/p><p>K\u00fcnstlerhaus Bethanien is a vibrant hub that amplifies international cultural exchange and reinforces Berlin\u2019s role as a global epicenter of contemporary art. We provide not only space for artistic creation but also foster meaningful encounters that transcend the creative process. K\u00fcnstlerhaus Bethanien embodies open processes, transnational networks, and art that actively seeks dialogue and drives change.<\/p>\t\t\t\t\t\t\t\t<\/div>\n\t\t\t\t<\/div>\n\t\t\t\t<\/div>\n\t\t\t\t<\/div>\n\t\t\t\t<\/div>\n\t\t","protected":false},"excerpt":{"rendered":"<p>Panya Clark Espinal, 2023, photo: Galya Feierman K\u00fcnstlerhaus Bethanien is an internationally renowned institution with over 50 years of history and a unique identity. As one of the world\u2019s oldest and most established residency programs, we offer artists from all corners of the globe the opportunity to live, work, and showcase their projects in Berlin. [&hellip;]<\/p>\n","protected":false},"author":3,"featured_media":0,"parent":0,"menu_order":0,"comment_status":"closed","ping_status":"closed","template":"elementor_header_footer","meta":{"_acf_changed":false,"footnotes":""},"class_list":["post-44295","page","type-page","status-publish","hentry"],"acf":[],"yoast_head":"<!-- This site is optimized with the Yoast SEO plugin v27.3 - https:\/\/yoast.com\/product\/yoast-seo-wordpress\/ -->\n<title>Institution - Bethanien<\/title>\n<meta name=\"robots\" content=\"noindex, follow, max-snippet:-1, max-image-preview:large, max-video-preview:-1\" \/>\n<meta property=\"og:locale\" content=\"en_US\" \/>\n<meta property=\"og:type\" content=\"article\" \/>\n<meta property=\"og:title\" content=\"Institution - Bethanien\" \/>\n<meta property=\"og:description\" content=\"Panya Clark Espinal, 2023, photo: Galya Feierman K\u00fcnstlerhaus Bethanien is an internationally renowned institution with over 50 years of history and a unique identity. As one of the world\u2019s oldest and most established residency programs, we offer artists from all corners of the globe the opportunity to live, work, and showcase their projects in Berlin. [&hellip;]\" \/>\n<meta property=\"og:url\" content=\"https:\/\/bethanien.de\/en\/institution\/\" \/>\n<meta property=\"og:site_name\" content=\"Bethanien\" \/>\n<meta property=\"article:publisher\" content=\"https:\/\/www.facebook.com\/kuenstlerhausbethanien\" \/>\n<meta property=\"article:modified_time\" content=\"2025-07-14T10:42:20+00:00\" \/>\n<meta property=\"og:image\" content=\"https:\/\/bethanien.digitalewege.de\/wp-content\/uploads\/2025\/02\/Panya-Clark-Espinal_2023_Photo-by-Galya-Feierman-scaled.jpg\" \/>\n\t<meta property=\"og:image:width\" content=\"1920\" \/>\n\t<meta property=\"og:image:height\" content=\"2560\" \/>\n\t<meta property=\"og:image:type\" content=\"image\/jpeg\" \/>\n<meta name=\"twitter:label1\" content=\"Est. reading time\" \/>\n\t<meta name=\"twitter:data1\" content=\"1 minute\" \/>\n<script type=\"application\/ld+json\" class=\"yoast-schema-graph\">{\"@context\":\"https:\\\/\\\/schema.org\",\"@graph\":[{\"@type\":\"WebPage\",\"@id\":\"https:\\\/\\\/bethanien.de\\\/en\\\/institution\\\/\",\"url\":\"https:\\\/\\\/bethanien.de\\\/en\\\/institution\\\/\",\"name\":\"Institution - Bethanien\",\"isPartOf\":{\"@id\":\"https:\\\/\\\/bethanien.de\\\/#website\"},\"primaryImageOfPage\":{\"@id\":\"https:\\\/\\\/bethanien.de\\\/en\\\/institution\\\/#primaryimage\"},\"image\":{\"@id\":\"https:\\\/\\\/bethanien.de\\\/en\\\/institution\\\/#primaryimage\"},\"thumbnailUrl\":\"https:\\\/\\\/bethanien.digitalewege.de\\\/wp-content\\\/uploads\\\/2025\\\/02\\\/Panya-Clark-Espinal_2023_Photo-by-Galya-Feierman-768x1024.jpg\",\"datePublished\":\"2025-01-07T18:52:46+00:00\",\"dateModified\":\"2025-07-14T10:42:20+00:00\",\"breadcrumb\":{\"@id\":\"https:\\\/\\\/bethanien.de\\\/en\\\/institution\\\/#breadcrumb\"},\"inLanguage\":\"en-US\",\"potentialAction\":[{\"@type\":\"ReadAction\",\"target\":[\"https:\\\/\\\/bethanien.de\\\/en\\\/institution\\\/\"]}]},{\"@type\":\"ImageObject\",\"inLanguage\":\"en-US\",\"@id\":\"https:\\\/\\\/bethanien.de\\\/en\\\/institution\\\/#primaryimage\",\"url\":\"https:\\\/\\\/bethanien.digitalewege.de\\\/wp-content\\\/uploads\\\/2025\\\/02\\\/Panya-Clark-Espinal_2023_Photo-by-Galya-Feierman-768x1024.jpg\",\"contentUrl\":\"https:\\\/\\\/bethanien.digitalewege.de\\\/wp-content\\\/uploads\\\/2025\\\/02\\\/Panya-Clark-Espinal_2023_Photo-by-Galya-Feierman-768x1024.jpg\"},{\"@type\":\"BreadcrumbList\",\"@id\":\"https:\\\/\\\/bethanien.de\\\/en\\\/institution\\\/#breadcrumb\",\"itemListElement\":[{\"@type\":\"ListItem\",\"position\":1,\"name\":\"Startseite\",\"item\":\"https:\\\/\\\/bethanien.de\\\/en\\\/\"},{\"@type\":\"ListItem\",\"position\":2,\"name\":\"Institution\"}]},{\"@type\":\"WebSite\",\"@id\":\"https:\\\/\\\/bethanien.de\\\/#website\",\"url\":\"https:\\\/\\\/bethanien.de\\\/\",\"name\":\"K\u00fcnstlerhaus Bethanien\",\"description\":\"Das K\u00fcnstlerhaus Bethanien bietet ein Netzwerk, das den internationalen Kulturaustausch st\u00e4rkt und Berlin als Zentrum der zeitgen\u00f6ssischen Kunst weiter etabliert.\",\"publisher\":{\"@id\":\"https:\\\/\\\/bethanien.de\\\/#organization\"},\"alternateName\":\"KB\",\"potentialAction\":[{\"@type\":\"SearchAction\",\"target\":{\"@type\":\"EntryPoint\",\"urlTemplate\":\"https:\\\/\\\/bethanien.de\\\/?s={search_term_string}\"},\"query-input\":{\"@type\":\"PropertyValueSpecification\",\"valueRequired\":true,\"valueName\":\"search_term_string\"}}],\"inLanguage\":\"en-US\"},{\"@type\":\"Organization\",\"@id\":\"https:\\\/\\\/bethanien.de\\\/#organization\",\"name\":\"K\u00fcnstlerhaus Bethanien\",\"url\":\"https:\\\/\\\/bethanien.de\\\/\",\"logo\":{\"@type\":\"ImageObject\",\"inLanguage\":\"en-US\",\"@id\":\"https:\\\/\\\/bethanien.de\\\/#\\\/schema\\\/logo\\\/image\\\/\",\"url\":\"https:\\\/\\\/bethanien.digitalewege.de\\\/wp-content\\\/uploads\\\/2022\\\/11\\\/cropped-Favicon_512x512.png\",\"contentUrl\":\"https:\\\/\\\/bethanien.digitalewege.de\\\/wp-content\\\/uploads\\\/2022\\\/11\\\/cropped-Favicon_512x512.png\",\"width\":512,\"height\":512,\"caption\":\"K\u00fcnstlerhaus Bethanien\"},\"image\":{\"@id\":\"https:\\\/\\\/bethanien.de\\\/#\\\/schema\\\/logo\\\/image\\\/\"},\"sameAs\":[\"https:\\\/\\\/www.facebook.com\\\/kuenstlerhausbethanien\",\"https:\\\/\\\/www.instagram.com\\\/kuenstlerhaus.bethanien\\\/\"]}]}<\/script>\n<!-- \/ Yoast SEO plugin. -->","yoast_head_json":{"title":"Institution - Bethanien","robots":{"index":"noindex","follow":"follow","max-snippet":"max-snippet:-1","max-image-preview":"max-image-preview:large","max-video-preview":"max-video-preview:-1"},"og_locale":"en_US","og_type":"article","og_title":"Institution - Bethanien","og_description":"Panya Clark Espinal, 2023, photo: Galya Feierman K\u00fcnstlerhaus Bethanien is an internationally renowned institution with over 50 years of history and a unique identity. As one of the world\u2019s oldest and most established residency programs, we offer artists from all corners of the globe the opportunity to live, work, and showcase their projects in Berlin. [&hellip;]","og_url":"https:\/\/bethanien.de\/en\/institution\/","og_site_name":"Bethanien","article_publisher":"https:\/\/www.facebook.com\/kuenstlerhausbethanien","article_modified_time":"2025-07-14T10:42:20+00:00","og_image":[{"width":1920,"height":2560,"url":"https:\/\/bethanien.digitalewege.de\/wp-content\/uploads\/2025\/02\/Panya-Clark-Espinal_2023_Photo-by-Galya-Feierman-scaled.jpg","type":"image\/jpeg"}],"twitter_misc":{"Est. reading time":"1 minute"},"schema":{"@context":"https:\/\/schema.org","@graph":[{"@type":"WebPage","@id":"https:\/\/bethanien.de\/en\/institution\/","url":"https:\/\/bethanien.de\/en\/institution\/","name":"Institution - Bethanien","isPartOf":{"@id":"https:\/\/bethanien.de\/#website"},"primaryImageOfPage":{"@id":"https:\/\/bethanien.de\/en\/institution\/#primaryimage"},"image":{"@id":"https:\/\/bethanien.de\/en\/institution\/#primaryimage"},"thumbnailUrl":"https:\/\/bethanien.digitalewege.de\/wp-content\/uploads\/2025\/02\/Panya-Clark-Espinal_2023_Photo-by-Galya-Feierman-768x1024.jpg","datePublished":"2025-01-07T18:52:46+00:00","dateModified":"2025-07-14T10:42:20+00:00","breadcrumb":{"@id":"https:\/\/bethanien.de\/en\/institution\/#breadcrumb"},"inLanguage":"en-US","potentialAction":[{"@type":"ReadAction","target":["https:\/\/bethanien.de\/en\/institution\/"]}]},{"@type":"ImageObject","inLanguage":"en-US","@id":"https:\/\/bethanien.de\/en\/institution\/#primaryimage","url":"https:\/\/bethanien.digitalewege.de\/wp-content\/uploads\/2025\/02\/Panya-Clark-Espinal_2023_Photo-by-Galya-Feierman-768x1024.jpg","contentUrl":"https:\/\/bethanien.digitalewege.de\/wp-content\/uploads\/2025\/02\/Panya-Clark-Espinal_2023_Photo-by-Galya-Feierman-768x1024.jpg"},{"@type":"BreadcrumbList","@id":"https:\/\/bethanien.de\/en\/institution\/#breadcrumb","itemListElement":[{"@type":"ListItem","position":1,"name":"Startseite","item":"https:\/\/bethanien.de\/en\/"},{"@type":"ListItem","position":2,"name":"Institution"}]},{"@type":"WebSite","@id":"https:\/\/bethanien.de\/#website","url":"https:\/\/bethanien.de\/","name":"K\u00fcnstlerhaus Bethanien","description":"Das K\u00fcnstlerhaus Bethanien bietet ein Netzwerk, das den internationalen Kulturaustausch st\u00e4rkt und Berlin als Zentrum der zeitgen\u00f6ssischen Kunst weiter etabliert.","publisher":{"@id":"https:\/\/bethanien.de\/#organization"},"alternateName":"KB","potentialAction":[{"@type":"SearchAction","target":{"@type":"EntryPoint","urlTemplate":"https:\/\/bethanien.de\/?s={search_term_string}"},"query-input":{"@type":"PropertyValueSpecification","valueRequired":true,"valueName":"search_term_string"}}],"inLanguage":"en-US"},{"@type":"Organization","@id":"https:\/\/bethanien.de\/#organization","name":"K\u00fcnstlerhaus Bethanien","url":"https:\/\/bethanien.de\/","logo":{"@type":"ImageObject","inLanguage":"en-US","@id":"https:\/\/bethanien.de\/#\/schema\/logo\/image\/","url":"https:\/\/bethanien.digitalewege.de\/wp-content\/uploads\/2022\/11\/cropped-Favicon_512x512.png","contentUrl":"https:\/\/bethanien.digitalewege.de\/wp-content\/uploads\/2022\/11\/cropped-Favicon_512x512.png","width":512,"height":512,"caption":"K\u00fcnstlerhaus Bethanien"},"image":{"@id":"https:\/\/bethanien.de\/#\/schema\/logo\/image\/"},"sameAs":["https:\/\/www.facebook.com\/kuenstlerhausbethanien","https:\/\/www.instagram.com\/kuenstlerhaus.bethanien\/"]}]}},"_links":{"self":[{"href":"https:\/\/bethanien.digitalewege.de\/en\/wp-json\/wp\/v2\/pages\/44295","targetHints":{"allow":["GET"]}}],"collection":[{"href":"https:\/\/bethanien.digitalewege.de\/en\/wp-json\/wp\/v2\/pages"}],"about":[{"href":"https:\/\/bethanien.digitalewege.de\/en\/wp-json\/wp\/v2\/types\/page"}],"author":[{"embeddable":true,"href":"https:\/\/bethanien.digitalewege.de\/en\/wp-json\/wp\/v2\/users\/3"}],"replies":[{"embeddable":true,"href":"https:\/\/bethanien.digitalewege.de\/en\/wp-json\/wp\/v2\/comments?post=44295"}],"version-history":[{"count":14,"href":"https:\/\/bethanien.digitalewege.de\/en\/wp-json\/wp\/v2\/pages\/44295\/revisions"}],"predecessor-version":[{"id":47250,"href":"https:\/\/bethanien.digitalewege.de\/en\/wp-json\/wp\/v2\/pages\/44295\/revisions\/47250"}],"wp:attachment":[{"href":"https:\/\/bethanien.digitalewege.de\/en\/wp-json\/wp\/v2\/media?parent=44295"}],"curies":[{"name":"wp","href":"https:\/\/api.w.org\/{rel}","templated":true}]}}