{"id":44280,"date":"2025-01-07T18:58:42","date_gmt":"2025-01-07T18:58:42","guid":{"rendered":"https:\/\/zen-morse.176-96-136-90.plesk.page\/international-studio-program\/"},"modified":"2025-05-12T15:47:54","modified_gmt":"2025-05-12T15:47:54","slug":"international-studio-program","status":"publish","type":"page","link":"https:\/\/bethanien.digitalewege.de\/en\/international-studio-program\/","title":{"rendered":"International Studio Programme"},"content":{"rendered":"\t\t<div data-elementor-type=\"wp-page\" data-elementor-id=\"44280\" class=\"elementor elementor-44280 elementor-43529\" data-elementor-post-type=\"page\">\n\t\t\t\t<div class=\"elementor-element elementor-element-1568fba e-con-full dw_interactive_box e-flex e-con e-parent\" data-id=\"1568fba\" data-element_type=\"container\" data-e-type=\"container\" data-settings=\"{&quot;jet_parallax_layout_list&quot;:[]}\">\n\t\t\t\t<\/div>\n\t\t<div class=\"elementor-element elementor-element-168685a e-con-full e-flex e-con e-parent\" data-id=\"168685a\" data-element_type=\"container\" data-e-type=\"container\" data-settings=\"{&quot;jet_parallax_layout_list&quot;:[]}\">\n\t\t\t\t<div class=\"elementor-element elementor-element-310c2e5 elementor-widget elementor-widget-menu-anchor\" data-id=\"310c2e5\" data-element_type=\"widget\" data-e-type=\"widget\" data-widget_type=\"menu-anchor.default\">\n\t\t\t\t<div class=\"elementor-widget-container\">\n\t\t\t\t\t\t\t<div class=\"elementor-menu-anchor\" id=\"anchor\"><\/div>\n\t\t\t\t\t\t<\/div>\n\t\t\t\t<\/div>\n\t\t<div class=\"elementor-element elementor-element-cd280d1 e-con-full e-flex e-con e-child\" data-id=\"cd280d1\" data-element_type=\"container\" data-e-type=\"container\" data-settings=\"{&quot;jet_parallax_layout_list&quot;:[]}\">\n\t\t\t\t<div class=\"elementor-element elementor-element-aecffe9 elementor-widget__width-inherit elementor-widget elementor-widget-image\" data-id=\"aecffe9\" data-element_type=\"widget\" data-e-type=\"widget\" data-widget_type=\"image.default\">\n\t\t\t\t<div class=\"elementor-widget-container\">\n\t\t\t\t\t\t\t\t\t\t\t\t\t\t\t<img loading=\"lazy\" decoding=\"async\" width=\"800\" height=\"534\" src=\"https:\/\/bethanien.digitalewege.de\/wp-content\/uploads\/2025\/03\/55A0972-1024x683.jpg\" class=\"attachment-large size-large wp-image-45856\" alt=\"\" srcset=\"https:\/\/bethanien.digitalewege.de\/wp-content\/uploads\/2025\/03\/55A0972-1024x683.jpg 1024w, https:\/\/bethanien.digitalewege.de\/wp-content\/uploads\/2025\/03\/55A0972-300x200.jpg 300w, https:\/\/bethanien.digitalewege.de\/wp-content\/uploads\/2025\/03\/55A0972-768x512.jpg 768w, https:\/\/bethanien.digitalewege.de\/wp-content\/uploads\/2025\/03\/55A0972-1536x1024.jpg 1536w, https:\/\/bethanien.digitalewege.de\/wp-content\/uploads\/2025\/03\/55A0972-600x400.jpg 600w, https:\/\/bethanien.digitalewege.de\/wp-content\/uploads\/2025\/03\/55A0972.jpg 1800w\" sizes=\"auto, (max-width: 800px) 100vw, 800px\" \/>\t\t\t\t\t\t\t\t\t\t\t\t\t\t\t<\/div>\n\t\t\t\t<\/div>\n\t\t\t\t<div class=\"elementor-element elementor-element-32a8a32 bu elementor-widget elementor-widget-text-editor\" data-id=\"32a8a32\" data-element_type=\"widget\" data-e-type=\"widget\" data-widget_type=\"text-editor.default\">\n\t\t\t\t<div class=\"elementor-widget-container\">\n\t\t\t\t\t\t\t\t\t<p>Ella Sutherland, Artist in Residence (Creative New Zealand), 2023, photo: Galya Feierman<\/p>\t\t\t\t\t\t\t\t<\/div>\n\t\t\t\t<\/div>\n\t\t\t\t<\/div>\n\t\t<div class=\"elementor-element elementor-element-96c63a7 e-con-full e-flex e-con e-child\" data-id=\"96c63a7\" data-element_type=\"container\" data-e-type=\"container\" data-settings=\"{&quot;jet_parallax_layout_list&quot;:[]}\">\n\t\t\t\t<div class=\"elementor-element elementor-element-e9c66a6 elementor-widget elementor-widget-text-editor\" data-id=\"e9c66a6\" data-element_type=\"widget\" data-e-type=\"widget\" data-widget_type=\"text-editor.default\">\n\t\t\t\t<div class=\"elementor-widget-container\">\n\t\t\t\t\t\t\t\t\t<p>The International Studio Programme at K\u00fcnstlerhaus Bethanien has been providing artists from around the world with the opportunity to develop and deepen their artistic practice in a creative and supportive environment for over 50 years. Located in one of Europe\u2019s most dynamic art capitals, emerging artists have the chance to realize new ideas and strengthen their position within the global art context. <\/p><p>A key feature of our program is the individualized support provided to each artist. During their stay, which typically lasts 6 to 12 months, artists receive tailored assistance \u2014 both in the practical execution of their ideas and in connecting with the Berlin art scene. This close guidance not only fosters artistic growth but also opens doors to new collaborations and perspectives, both locally and internationally.  <\/p><p>Beyond personal support, living and working at K\u00fcnstlerhaus Bethanien is a unique experience. The shared daily life within the house encourages spontaneous collaborations and the exchange of knowledge and experiences, leading to a vibrant network of artists and creatives. <\/p><p>The program offers a variety of presentation opportunities: Regular Open Studios allow artists to showcase their creative processes and completed works to a broad audience. These events provide valuable chances to engage with other artists, curators, and art enthusiasts. Additionally, we organize Studio Visits with professionals and art practitioners, offering artists insightful feedback and fresh perspectives.  <\/p><p>As part of their residency, artists also have the opportunity to present their works in the exhibition spaces of the house. The exhibitions not only provide a deep insight into the artists&#8217; practices but also invite the Berlin public to discover and experience innovative and diverse perspectives. <\/p><p>The exhibitions and networks that emerge from our international residency program are pivotal in the artistic growth of our participating artists. Many of our former residents have gone on to further their careers and showcase their work at renowned institutions across the globe. <\/p>\t\t\t\t\t\t\t\t<\/div>\n\t\t\t\t<\/div>\n\t\t\t\t<\/div>\n\t\t\t\t<\/div>\n\t\t\t\t<\/div>\n\t\t","protected":false},"excerpt":{"rendered":"<p>Ella Sutherland, Artist in Residence (Creative New Zealand), 2023, photo: Galya Feierman The International Studio Programme at K\u00fcnstlerhaus Bethanien has been providing artists from around the world with the opportunity to develop and deepen their artistic practice in a creative and supportive environment for over 50 years. Located in one of Europe\u2019s most dynamic art [&hellip;]<\/p>\n","protected":false},"author":3,"featured_media":0,"parent":0,"menu_order":0,"comment_status":"closed","ping_status":"closed","template":"elementor_header_footer","meta":{"_acf_changed":false,"footnotes":""},"class_list":["post-44280","page","type-page","status-publish","hentry"],"acf":[],"yoast_head":"<!-- This site is optimized with the Yoast SEO plugin v27.3 - https:\/\/yoast.com\/product\/yoast-seo-wordpress\/ -->\n<title>International Studio Programme - Bethanien<\/title>\n<meta name=\"robots\" content=\"noindex, follow, max-snippet:-1, max-image-preview:large, max-video-preview:-1\" \/>\n<meta property=\"og:locale\" content=\"en_US\" \/>\n<meta property=\"og:type\" content=\"article\" \/>\n<meta property=\"og:title\" content=\"International Studio Programme - Bethanien\" \/>\n<meta property=\"og:description\" content=\"Ella Sutherland, Artist in Residence (Creative New Zealand), 2023, photo: Galya Feierman The International Studio Programme at K\u00fcnstlerhaus Bethanien has been providing artists from around the world with the opportunity to develop and deepen their artistic practice in a creative and supportive environment for over 50 years. Located in one of Europe\u2019s most dynamic art [&hellip;]\" \/>\n<meta property=\"og:url\" content=\"https:\/\/bethanien.de\/en\/international-studio-program\/\" \/>\n<meta property=\"og:site_name\" content=\"Bethanien\" \/>\n<meta property=\"article:publisher\" content=\"https:\/\/www.facebook.com\/kuenstlerhausbethanien\" \/>\n<meta property=\"article:modified_time\" content=\"2025-05-12T15:47:54+00:00\" \/>\n<meta property=\"og:image\" content=\"https:\/\/bethanien.digitalewege.de\/wp-content\/uploads\/2025\/03\/55A0972.jpg\" \/>\n\t<meta property=\"og:image:width\" content=\"1800\" \/>\n\t<meta property=\"og:image:height\" content=\"1200\" \/>\n\t<meta property=\"og:image:type\" content=\"image\/jpeg\" \/>\n<meta name=\"twitter:label1\" content=\"Est. reading time\" \/>\n\t<meta name=\"twitter:data1\" content=\"2 minutes\" \/>\n<script type=\"application\/ld+json\" class=\"yoast-schema-graph\">{\"@context\":\"https:\\\/\\\/schema.org\",\"@graph\":[{\"@type\":\"WebPage\",\"@id\":\"https:\\\/\\\/bethanien.de\\\/en\\\/international-studio-program\\\/\",\"url\":\"https:\\\/\\\/bethanien.de\\\/en\\\/international-studio-program\\\/\",\"name\":\"International Studio Programme - Bethanien\",\"isPartOf\":{\"@id\":\"https:\\\/\\\/bethanien.de\\\/#website\"},\"primaryImageOfPage\":{\"@id\":\"https:\\\/\\\/bethanien.de\\\/en\\\/international-studio-program\\\/#primaryimage\"},\"image\":{\"@id\":\"https:\\\/\\\/bethanien.de\\\/en\\\/international-studio-program\\\/#primaryimage\"},\"thumbnailUrl\":\"https:\\\/\\\/bethanien.digitalewege.de\\\/wp-content\\\/uploads\\\/2025\\\/03\\\/55A0972-1024x683.jpg\",\"datePublished\":\"2025-01-07T18:58:42+00:00\",\"dateModified\":\"2025-05-12T15:47:54+00:00\",\"breadcrumb\":{\"@id\":\"https:\\\/\\\/bethanien.de\\\/en\\\/international-studio-program\\\/#breadcrumb\"},\"inLanguage\":\"en-US\",\"potentialAction\":[{\"@type\":\"ReadAction\",\"target\":[\"https:\\\/\\\/bethanien.de\\\/en\\\/international-studio-program\\\/\"]}]},{\"@type\":\"ImageObject\",\"inLanguage\":\"en-US\",\"@id\":\"https:\\\/\\\/bethanien.de\\\/en\\\/international-studio-program\\\/#primaryimage\",\"url\":\"https:\\\/\\\/bethanien.digitalewege.de\\\/wp-content\\\/uploads\\\/2025\\\/03\\\/55A0972-1024x683.jpg\",\"contentUrl\":\"https:\\\/\\\/bethanien.digitalewege.de\\\/wp-content\\\/uploads\\\/2025\\\/03\\\/55A0972-1024x683.jpg\"},{\"@type\":\"BreadcrumbList\",\"@id\":\"https:\\\/\\\/bethanien.de\\\/en\\\/international-studio-program\\\/#breadcrumb\",\"itemListElement\":[{\"@type\":\"ListItem\",\"position\":1,\"name\":\"Startseite\",\"item\":\"https:\\\/\\\/bethanien.de\\\/en\\\/\"},{\"@type\":\"ListItem\",\"position\":2,\"name\":\"International Studio Programme\"}]},{\"@type\":\"WebSite\",\"@id\":\"https:\\\/\\\/bethanien.de\\\/#website\",\"url\":\"https:\\\/\\\/bethanien.de\\\/\",\"name\":\"K\u00fcnstlerhaus Bethanien\",\"description\":\"Das K\u00fcnstlerhaus Bethanien bietet ein Netzwerk, das den internationalen Kulturaustausch st\u00e4rkt und Berlin als Zentrum der zeitgen\u00f6ssischen Kunst weiter etabliert.\",\"publisher\":{\"@id\":\"https:\\\/\\\/bethanien.de\\\/#organization\"},\"alternateName\":\"KB\",\"potentialAction\":[{\"@type\":\"SearchAction\",\"target\":{\"@type\":\"EntryPoint\",\"urlTemplate\":\"https:\\\/\\\/bethanien.de\\\/?s={search_term_string}\"},\"query-input\":{\"@type\":\"PropertyValueSpecification\",\"valueRequired\":true,\"valueName\":\"search_term_string\"}}],\"inLanguage\":\"en-US\"},{\"@type\":\"Organization\",\"@id\":\"https:\\\/\\\/bethanien.de\\\/#organization\",\"name\":\"K\u00fcnstlerhaus Bethanien\",\"url\":\"https:\\\/\\\/bethanien.de\\\/\",\"logo\":{\"@type\":\"ImageObject\",\"inLanguage\":\"en-US\",\"@id\":\"https:\\\/\\\/bethanien.de\\\/#\\\/schema\\\/logo\\\/image\\\/\",\"url\":\"https:\\\/\\\/bethanien.digitalewege.de\\\/wp-content\\\/uploads\\\/2022\\\/11\\\/cropped-Favicon_512x512.png\",\"contentUrl\":\"https:\\\/\\\/bethanien.digitalewege.de\\\/wp-content\\\/uploads\\\/2022\\\/11\\\/cropped-Favicon_512x512.png\",\"width\":512,\"height\":512,\"caption\":\"K\u00fcnstlerhaus Bethanien\"},\"image\":{\"@id\":\"https:\\\/\\\/bethanien.de\\\/#\\\/schema\\\/logo\\\/image\\\/\"},\"sameAs\":[\"https:\\\/\\\/www.facebook.com\\\/kuenstlerhausbethanien\",\"https:\\\/\\\/www.instagram.com\\\/kuenstlerhaus.bethanien\\\/\"]}]}<\/script>\n<!-- \/ Yoast SEO plugin. -->","yoast_head_json":{"title":"International Studio Programme - Bethanien","robots":{"index":"noindex","follow":"follow","max-snippet":"max-snippet:-1","max-image-preview":"max-image-preview:large","max-video-preview":"max-video-preview:-1"},"og_locale":"en_US","og_type":"article","og_title":"International Studio Programme - Bethanien","og_description":"Ella Sutherland, Artist in Residence (Creative New Zealand), 2023, photo: Galya Feierman The International Studio Programme at K\u00fcnstlerhaus Bethanien has been providing artists from around the world with the opportunity to develop and deepen their artistic practice in a creative and supportive environment for over 50 years. Located in one of Europe\u2019s most dynamic art [&hellip;]","og_url":"https:\/\/bethanien.de\/en\/international-studio-program\/","og_site_name":"Bethanien","article_publisher":"https:\/\/www.facebook.com\/kuenstlerhausbethanien","article_modified_time":"2025-05-12T15:47:54+00:00","og_image":[{"width":1800,"height":1200,"url":"https:\/\/bethanien.digitalewege.de\/wp-content\/uploads\/2025\/03\/55A0972.jpg","type":"image\/jpeg"}],"twitter_misc":{"Est. reading time":"2 minutes"},"schema":{"@context":"https:\/\/schema.org","@graph":[{"@type":"WebPage","@id":"https:\/\/bethanien.de\/en\/international-studio-program\/","url":"https:\/\/bethanien.de\/en\/international-studio-program\/","name":"International Studio Programme - Bethanien","isPartOf":{"@id":"https:\/\/bethanien.de\/#website"},"primaryImageOfPage":{"@id":"https:\/\/bethanien.de\/en\/international-studio-program\/#primaryimage"},"image":{"@id":"https:\/\/bethanien.de\/en\/international-studio-program\/#primaryimage"},"thumbnailUrl":"https:\/\/bethanien.digitalewege.de\/wp-content\/uploads\/2025\/03\/55A0972-1024x683.jpg","datePublished":"2025-01-07T18:58:42+00:00","dateModified":"2025-05-12T15:47:54+00:00","breadcrumb":{"@id":"https:\/\/bethanien.de\/en\/international-studio-program\/#breadcrumb"},"inLanguage":"en-US","potentialAction":[{"@type":"ReadAction","target":["https:\/\/bethanien.de\/en\/international-studio-program\/"]}]},{"@type":"ImageObject","inLanguage":"en-US","@id":"https:\/\/bethanien.de\/en\/international-studio-program\/#primaryimage","url":"https:\/\/bethanien.digitalewege.de\/wp-content\/uploads\/2025\/03\/55A0972-1024x683.jpg","contentUrl":"https:\/\/bethanien.digitalewege.de\/wp-content\/uploads\/2025\/03\/55A0972-1024x683.jpg"},{"@type":"BreadcrumbList","@id":"https:\/\/bethanien.de\/en\/international-studio-program\/#breadcrumb","itemListElement":[{"@type":"ListItem","position":1,"name":"Startseite","item":"https:\/\/bethanien.de\/en\/"},{"@type":"ListItem","position":2,"name":"International Studio Programme"}]},{"@type":"WebSite","@id":"https:\/\/bethanien.de\/#website","url":"https:\/\/bethanien.de\/","name":"K\u00fcnstlerhaus Bethanien","description":"Das K\u00fcnstlerhaus Bethanien bietet ein Netzwerk, das den internationalen Kulturaustausch st\u00e4rkt und Berlin als Zentrum der zeitgen\u00f6ssischen Kunst weiter etabliert.","publisher":{"@id":"https:\/\/bethanien.de\/#organization"},"alternateName":"KB","potentialAction":[{"@type":"SearchAction","target":{"@type":"EntryPoint","urlTemplate":"https:\/\/bethanien.de\/?s={search_term_string}"},"query-input":{"@type":"PropertyValueSpecification","valueRequired":true,"valueName":"search_term_string"}}],"inLanguage":"en-US"},{"@type":"Organization","@id":"https:\/\/bethanien.de\/#organization","name":"K\u00fcnstlerhaus Bethanien","url":"https:\/\/bethanien.de\/","logo":{"@type":"ImageObject","inLanguage":"en-US","@id":"https:\/\/bethanien.de\/#\/schema\/logo\/image\/","url":"https:\/\/bethanien.digitalewege.de\/wp-content\/uploads\/2022\/11\/cropped-Favicon_512x512.png","contentUrl":"https:\/\/bethanien.digitalewege.de\/wp-content\/uploads\/2022\/11\/cropped-Favicon_512x512.png","width":512,"height":512,"caption":"K\u00fcnstlerhaus Bethanien"},"image":{"@id":"https:\/\/bethanien.de\/#\/schema\/logo\/image\/"},"sameAs":["https:\/\/www.facebook.com\/kuenstlerhausbethanien","https:\/\/www.instagram.com\/kuenstlerhaus.bethanien\/"]}]}},"_links":{"self":[{"href":"https:\/\/bethanien.digitalewege.de\/en\/wp-json\/wp\/v2\/pages\/44280","targetHints":{"allow":["GET"]}}],"collection":[{"href":"https:\/\/bethanien.digitalewege.de\/en\/wp-json\/wp\/v2\/pages"}],"about":[{"href":"https:\/\/bethanien.digitalewege.de\/en\/wp-json\/wp\/v2\/types\/page"}],"author":[{"embeddable":true,"href":"https:\/\/bethanien.digitalewege.de\/en\/wp-json\/wp\/v2\/users\/3"}],"replies":[{"embeddable":true,"href":"https:\/\/bethanien.digitalewege.de\/en\/wp-json\/wp\/v2\/comments?post=44280"}],"version-history":[{"count":9,"href":"https:\/\/bethanien.digitalewege.de\/en\/wp-json\/wp\/v2\/pages\/44280\/revisions"}],"predecessor-version":[{"id":46349,"href":"https:\/\/bethanien.digitalewege.de\/en\/wp-json\/wp\/v2\/pages\/44280\/revisions\/46349"}],"wp:attachment":[{"href":"https:\/\/bethanien.digitalewege.de\/en\/wp-json\/wp\/v2\/media?parent=44280"}],"curies":[{"name":"wp","href":"https:\/\/api.w.org\/{rel}","templated":true}]}}