{"id":39608,"date":"2024-09-26T11:12:01","date_gmt":"2024-09-26T11:12:01","guid":{"rendered":"https:\/\/zen-morse.176-96-136-90.plesk.page\/imprint\/"},"modified":"2026-02-23T10:41:02","modified_gmt":"2026-02-23T10:41:02","slug":"imprint","status":"publish","type":"page","link":"https:\/\/bethanien.digitalewege.de\/en\/imprint\/","title":{"rendered":"Imprint"},"content":{"rendered":"\t\t<div data-elementor-type=\"wp-page\" data-elementor-id=\"39608\" class=\"elementor elementor-39608 elementor-39600\" data-elementor-post-type=\"page\">\n\t\t\t\t<div class=\"elementor-element elementor-element-6e83088 e-con-full dw_interactive_box e-flex e-con e-parent\" data-id=\"6e83088\" data-element_type=\"container\" data-e-type=\"container\" data-settings=\"{&quot;jet_parallax_layout_list&quot;:[]}\">\n\t\t<div class=\"elementor-element elementor-element-c73a052 e-con-full scroll-container e-flex e-con e-child\" data-id=\"c73a052\" data-element_type=\"container\" data-e-type=\"container\" data-settings=\"{&quot;jet_parallax_layout_list&quot;:[]}\">\n\t\t\t\t<\/div>\n\t\t\t\t<\/div>\n\t\t<div class=\"elementor-element elementor-element-ccb8dd6 e-con-full e-flex e-con e-parent\" data-id=\"ccb8dd6\" data-element_type=\"container\" data-e-type=\"container\" data-settings=\"{&quot;jet_parallax_layout_list&quot;:[]}\">\n\t\t<div class=\"elementor-element elementor-element-0ed02a7 e-con-full e-flex e-con e-child\" data-id=\"0ed02a7\" data-element_type=\"container\" data-e-type=\"container\" data-settings=\"{&quot;jet_parallax_layout_list&quot;:[]}\">\n\t\t\t\t<div class=\"elementor-element elementor-element-885adb0 elementor-widget elementor-widget-text-editor\" data-id=\"885adb0\" data-element_type=\"widget\" data-e-type=\"widget\" data-widget_type=\"text-editor.default\">\n\t\t\t\t<div class=\"elementor-widget-container\">\n\t\t\t\t\t\t\t\t\t<h3>Adress<\/h3>\n\t\t\t\t\t\t\t\t<\/div>\n\t\t\t\t<\/div>\n\t\t\t\t<\/div>\n\t\t<div class=\"elementor-element elementor-element-382eeed e-con-full e-flex e-con e-child\" data-id=\"382eeed\" data-element_type=\"container\" data-e-type=\"container\" data-settings=\"{&quot;jet_parallax_layout_list&quot;:[]}\">\n\t\t\t\t<div class=\"elementor-element elementor-element-2d3a661 elementor-widget elementor-widget-text-editor\" data-id=\"2d3a661\" data-element_type=\"widget\" data-e-type=\"widget\" data-widget_type=\"text-editor.default\">\n\t\t\t\t<div class=\"elementor-widget-container\">\n\t\t\t\t\t\t\t\t\t<p>K\u00fcnstlerhaus Bethanien GmbH<br \/>Kohlfurter Stra\u00dfe 41-43 (B\u00fcros + Ateliers)<br \/>Kottbusser Stra\u00dfe 10 (Ausstellungsr\u00e4ume)<br \/>D \u2013 10999 Berlin<\/p><p>K\u00fcnstlerhaus Bethanien GmbH is represented by managing directors Andrea Boche and Antje Weitzel.<\/p><p>The trustees of K\u00fcnstlerhaus Bethanien GmbH are the Akademie der K\u00fcnste Berlin and the Berlin Artists-in-Residence programme of the German Academic Exchange Service DAAD.<\/p><p>Tel.: +49 30 61 69 03 &#8211; 0<\/p><p>K\u00fcnstlerhaus Bethanien GmbH is a non-profit limited liability company registered with the District Court of Charlottenburg (HRG 8089).<\/p><p>VAT number: DE 136782109<\/p>\t\t\t\t\t\t\t\t<\/div>\n\t\t\t\t<\/div>\n\t\t\t\t<\/div>\n\t\t\t\t<\/div>\n\t\t<div class=\"elementor-element elementor-element-6efd047 e-con-full e-flex e-con e-parent\" data-id=\"6efd047\" data-element_type=\"container\" data-e-type=\"container\" data-settings=\"{&quot;jet_parallax_layout_list&quot;:[]}\">\n\t\t<div class=\"elementor-element elementor-element-fac4c16 e-con-full e-flex e-con e-child\" data-id=\"fac4c16\" data-element_type=\"container\" data-e-type=\"container\" data-settings=\"{&quot;jet_parallax_layout_list&quot;:[]}\">\n\t\t\t\t<div class=\"elementor-element elementor-element-53ea31f elementor-widget elementor-widget-text-editor\" data-id=\"53ea31f\" data-element_type=\"widget\" data-e-type=\"widget\" data-widget_type=\"text-editor.default\">\n\t\t\t\t<div class=\"elementor-widget-container\">\n\t\t\t\t\t\t\t\t\t<h3>Links<\/h3>\n\t\t\t\t\t\t\t\t<\/div>\n\t\t\t\t<\/div>\n\t\t\t\t<\/div>\n\t\t<div class=\"elementor-element elementor-element-0872e5f e-con-full e-flex e-con e-child\" data-id=\"0872e5f\" data-element_type=\"container\" data-e-type=\"container\" data-settings=\"{&quot;jet_parallax_layout_list&quot;:[]}\">\n\t\t\t\t<div class=\"elementor-element elementor-element-b89213c elementor-widget elementor-widget-text-editor\" data-id=\"b89213c\" data-element_type=\"widget\" data-e-type=\"widget\" data-widget_type=\"text-editor.default\">\n\t\t\t\t<div class=\"elementor-widget-container\">\n\t\t\t\t\t\t\t\t\t<p>K\u00fcnstlerhaus Bethanien GmbH may not be held liable for the content of links and hyperlinks on its website. While all links to external websites owned by third parties are verified for possible law infringements at the time of linking, it cannot be excluded that their content is subsequently modified. As the provider of the present website K\u00fcnstlerhaus Bethanien GmbH is under no legal obligation to monitor the content of linked pages. However, should you feel that any of these external links are infringing existing laws or contain inappropriate material, please do contact us.<\/p>\t\t\t\t\t\t\t\t<\/div>\n\t\t\t\t<\/div>\n\t\t\t\t<\/div>\n\t\t\t\t<\/div>\n\t\t<div class=\"elementor-element elementor-element-b5502a4 e-con-full e-flex e-con e-parent\" data-id=\"b5502a4\" data-element_type=\"container\" data-e-type=\"container\" data-settings=\"{&quot;jet_parallax_layout_list&quot;:[]}\">\n\t\t<div class=\"elementor-element elementor-element-b3ffdaa e-con-full e-flex e-con e-child\" data-id=\"b3ffdaa\" data-element_type=\"container\" data-e-type=\"container\" data-settings=\"{&quot;jet_parallax_layout_list&quot;:[]}\">\n\t\t\t\t<div class=\"elementor-element elementor-element-36e7413 elementor-widget elementor-widget-text-editor\" data-id=\"36e7413\" data-element_type=\"widget\" data-e-type=\"widget\" data-widget_type=\"text-editor.default\">\n\t\t\t\t<div class=\"elementor-widget-container\">\n\t\t\t\t\t\t\t\t\t<h3>Copyright &amp; Credits<\/h3>\n\t\t\t\t\t\t\t\t<\/div>\n\t\t\t\t<\/div>\n\t\t\t\t<\/div>\n\t\t<div class=\"elementor-element elementor-element-bcc1524 e-con-full e-flex e-con e-child\" data-id=\"bcc1524\" data-element_type=\"container\" data-e-type=\"container\" data-settings=\"{&quot;jet_parallax_layout_list&quot;:[]}\">\n\t\t\t\t<div class=\"elementor-element elementor-element-f10e34d elementor-widget elementor-widget-text-editor\" data-id=\"f10e34d\" data-element_type=\"widget\" data-e-type=\"widget\" data-widget_type=\"text-editor.default\">\n\t\t\t\t<div class=\"elementor-widget-container\">\n\t\t\t\t\t\t\t\t\t<p>\u00a9 K\u00fcnstlerhaus Bethanien GmbH, the authors and artists. All rights reserved, including for the duplication and distribution of texts and illustrations of artworks.<\/p><p>Copyrights for the images are with the named photographers or, if not specified, with K\u00fcnstlerhaus Bethanien GmbH.<\/p>\t\t\t\t\t\t\t\t<\/div>\n\t\t\t\t<\/div>\n\t\t\t\t<\/div>\n\t\t\t\t<\/div>\n\t\t<div class=\"elementor-element elementor-element-4dcb50f e-con-full e-flex e-con e-parent\" data-id=\"4dcb50f\" data-element_type=\"container\" data-e-type=\"container\" data-settings=\"{&quot;jet_parallax_layout_list&quot;:[]}\">\n\t\t<div class=\"elementor-element elementor-element-3f9c7a2 e-con-full e-flex e-con e-child\" data-id=\"3f9c7a2\" data-element_type=\"container\" data-e-type=\"container\" data-settings=\"{&quot;jet_parallax_layout_list&quot;:[]}\">\n\t\t\t\t<div class=\"elementor-element elementor-element-c41d6d8 elementor-widget elementor-widget-text-editor\" data-id=\"c41d6d8\" data-element_type=\"widget\" data-e-type=\"widget\" data-widget_type=\"text-editor.default\">\n\t\t\t\t<div class=\"elementor-widget-container\">\n\t\t\t\t\t\t\t\t\t<h3>Concept &amp; realisation<\/h3>\n\t\t\t\t\t\t\t\t<\/div>\n\t\t\t\t<\/div>\n\t\t\t\t<\/div>\n\t\t<div class=\"elementor-element elementor-element-fbeddda e-con-full e-flex e-con e-child\" data-id=\"fbeddda\" data-element_type=\"container\" data-e-type=\"container\" data-settings=\"{&quot;jet_parallax_layout_list&quot;:[]}\">\n\t\t\t\t<div class=\"elementor-element elementor-element-7cdb8dc elementor-widget elementor-widget-text-editor\" data-id=\"7cdb8dc\" data-element_type=\"widget\" data-e-type=\"widget\" data-widget_type=\"text-editor.default\">\n\t\t\t\t<div class=\"elementor-widget-container\">\n\t\t\t\t\t\t\t\t\t<p>Konzeption und Design:<br \/><a href=\"http:\/\/www.angenehme-gestaltung.de\" target=\"_blank\" rel=\"noopener\">Angenehme Gestaltung<\/a><\/p><p>Technische Umsetzung:<br \/><a href=\"https:\/\/digitalewege.de\" target=\"_blank\" rel=\"noopener\">digitalewege<\/a><\/p>\t\t\t\t\t\t\t\t<\/div>\n\t\t\t\t<\/div>\n\t\t\t\t<\/div>\n\t\t<div class=\"elementor-element elementor-element-afcce46 e-con-full e-flex e-con e-child\" data-id=\"afcce46\" data-element_type=\"container\" data-e-type=\"container\" data-settings=\"{&quot;jet_parallax_layout_list&quot;:[]}\">\n\t\t\t\t<\/div>\n\t\t\t\t<\/div>\n\t\t\t\t<\/div>\n\t\t","protected":false},"excerpt":{"rendered":"<p>Adress K\u00fcnstlerhaus Bethanien GmbHKohlfurter Stra\u00dfe 41-43 (B\u00fcros + Ateliers)Kottbusser Stra\u00dfe 10 (Ausstellungsr\u00e4ume)D \u2013 10999 Berlin K\u00fcnstlerhaus Bethanien GmbH is represented by managing directors Andrea Boche and Antje Weitzel. The trustees of K\u00fcnstlerhaus Bethanien GmbH are the Akademie der K\u00fcnste Berlin and the Berlin Artists-in-Residence programme of the German Academic Exchange Service DAAD. Tel.: +49 30 [&hellip;]<\/p>\n","protected":false},"author":3,"featured_media":0,"parent":0,"menu_order":0,"comment_status":"closed","ping_status":"closed","template":"elementor_header_footer","meta":{"_acf_changed":false,"footnotes":""},"class_list":["post-39608","page","type-page","status-publish","hentry"],"acf":[],"yoast_head":"<!-- This site is optimized with the Yoast SEO plugin v27.3 - https:\/\/yoast.com\/product\/yoast-seo-wordpress\/ -->\n<title>Imprint - Bethanien<\/title>\n<meta name=\"robots\" content=\"noindex, follow, max-snippet:-1, max-image-preview:large, max-video-preview:-1\" \/>\n<meta property=\"og:locale\" content=\"en_US\" \/>\n<meta property=\"og:type\" content=\"article\" \/>\n<meta property=\"og:title\" content=\"Imprint - Bethanien\" \/>\n<meta property=\"og:description\" content=\"Adress K\u00fcnstlerhaus Bethanien GmbHKohlfurter Stra\u00dfe 41-43 (B\u00fcros + Ateliers)Kottbusser Stra\u00dfe 10 (Ausstellungsr\u00e4ume)D \u2013 10999 Berlin K\u00fcnstlerhaus Bethanien GmbH is represented by managing directors Andrea Boche and Antje Weitzel. The trustees of K\u00fcnstlerhaus Bethanien GmbH are the Akademie der K\u00fcnste Berlin and the Berlin Artists-in-Residence programme of the German Academic Exchange Service DAAD. Tel.: +49 30 [&hellip;]\" \/>\n<meta property=\"og:url\" content=\"https:\/\/bethanien.de\/en\/imprint\/\" \/>\n<meta property=\"og:site_name\" content=\"Bethanien\" \/>\n<meta property=\"article:publisher\" content=\"https:\/\/www.facebook.com\/kuenstlerhausbethanien\" \/>\n<meta property=\"article:modified_time\" content=\"2026-02-23T10:41:02+00:00\" \/>\n<meta property=\"og:image\" content=\"https:\/\/bethanien.digitalewege.de\/wp-content\/uploads\/2022\/11\/cropped-Favicon_512x512.png\" \/>\n\t<meta property=\"og:image:width\" content=\"512\" \/>\n\t<meta property=\"og:image:height\" content=\"512\" \/>\n\t<meta property=\"og:image:type\" content=\"image\/png\" \/>\n<meta name=\"twitter:label1\" content=\"Est. reading time\" \/>\n\t<meta name=\"twitter:data1\" content=\"2 minutes\" \/>\n<script type=\"application\/ld+json\" class=\"yoast-schema-graph\">{\"@context\":\"https:\\\/\\\/schema.org\",\"@graph\":[{\"@type\":\"WebPage\",\"@id\":\"https:\\\/\\\/bethanien.de\\\/en\\\/imprint\\\/\",\"url\":\"https:\\\/\\\/bethanien.de\\\/en\\\/imprint\\\/\",\"name\":\"Imprint - Bethanien\",\"isPartOf\":{\"@id\":\"https:\\\/\\\/bethanien.de\\\/#website\"},\"datePublished\":\"2024-09-26T11:12:01+00:00\",\"dateModified\":\"2026-02-23T10:41:02+00:00\",\"breadcrumb\":{\"@id\":\"https:\\\/\\\/bethanien.de\\\/en\\\/imprint\\\/#breadcrumb\"},\"inLanguage\":\"en-US\",\"potentialAction\":[{\"@type\":\"ReadAction\",\"target\":[\"https:\\\/\\\/bethanien.de\\\/en\\\/imprint\\\/\"]}]},{\"@type\":\"BreadcrumbList\",\"@id\":\"https:\\\/\\\/bethanien.de\\\/en\\\/imprint\\\/#breadcrumb\",\"itemListElement\":[{\"@type\":\"ListItem\",\"position\":1,\"name\":\"Startseite\",\"item\":\"https:\\\/\\\/bethanien.de\\\/en\\\/\"},{\"@type\":\"ListItem\",\"position\":2,\"name\":\"Imprint\"}]},{\"@type\":\"WebSite\",\"@id\":\"https:\\\/\\\/bethanien.de\\\/#website\",\"url\":\"https:\\\/\\\/bethanien.de\\\/\",\"name\":\"K\u00fcnstlerhaus Bethanien\",\"description\":\"Das K\u00fcnstlerhaus Bethanien bietet ein Netzwerk, das den internationalen Kulturaustausch st\u00e4rkt und Berlin als Zentrum der zeitgen\u00f6ssischen Kunst weiter etabliert.\",\"publisher\":{\"@id\":\"https:\\\/\\\/bethanien.de\\\/#organization\"},\"alternateName\":\"KB\",\"potentialAction\":[{\"@type\":\"SearchAction\",\"target\":{\"@type\":\"EntryPoint\",\"urlTemplate\":\"https:\\\/\\\/bethanien.de\\\/?s={search_term_string}\"},\"query-input\":{\"@type\":\"PropertyValueSpecification\",\"valueRequired\":true,\"valueName\":\"search_term_string\"}}],\"inLanguage\":\"en-US\"},{\"@type\":\"Organization\",\"@id\":\"https:\\\/\\\/bethanien.de\\\/#organization\",\"name\":\"K\u00fcnstlerhaus Bethanien\",\"url\":\"https:\\\/\\\/bethanien.de\\\/\",\"logo\":{\"@type\":\"ImageObject\",\"inLanguage\":\"en-US\",\"@id\":\"https:\\\/\\\/bethanien.de\\\/#\\\/schema\\\/logo\\\/image\\\/\",\"url\":\"https:\\\/\\\/bethanien.digitalewege.de\\\/wp-content\\\/uploads\\\/2022\\\/11\\\/cropped-Favicon_512x512.png\",\"contentUrl\":\"https:\\\/\\\/bethanien.digitalewege.de\\\/wp-content\\\/uploads\\\/2022\\\/11\\\/cropped-Favicon_512x512.png\",\"width\":512,\"height\":512,\"caption\":\"K\u00fcnstlerhaus Bethanien\"},\"image\":{\"@id\":\"https:\\\/\\\/bethanien.de\\\/#\\\/schema\\\/logo\\\/image\\\/\"},\"sameAs\":[\"https:\\\/\\\/www.facebook.com\\\/kuenstlerhausbethanien\",\"https:\\\/\\\/www.instagram.com\\\/kuenstlerhaus.bethanien\\\/\"]}]}<\/script>\n<!-- \/ Yoast SEO plugin. -->","yoast_head_json":{"title":"Imprint - Bethanien","robots":{"index":"noindex","follow":"follow","max-snippet":"max-snippet:-1","max-image-preview":"max-image-preview:large","max-video-preview":"max-video-preview:-1"},"og_locale":"en_US","og_type":"article","og_title":"Imprint - Bethanien","og_description":"Adress K\u00fcnstlerhaus Bethanien GmbHKohlfurter Stra\u00dfe 41-43 (B\u00fcros + Ateliers)Kottbusser Stra\u00dfe 10 (Ausstellungsr\u00e4ume)D \u2013 10999 Berlin K\u00fcnstlerhaus Bethanien GmbH is represented by managing directors Andrea Boche and Antje Weitzel. The trustees of K\u00fcnstlerhaus Bethanien GmbH are the Akademie der K\u00fcnste Berlin and the Berlin Artists-in-Residence programme of the German Academic Exchange Service DAAD. Tel.: +49 30 [&hellip;]","og_url":"https:\/\/bethanien.de\/en\/imprint\/","og_site_name":"Bethanien","article_publisher":"https:\/\/www.facebook.com\/kuenstlerhausbethanien","article_modified_time":"2026-02-23T10:41:02+00:00","og_image":[{"width":512,"height":512,"url":"https:\/\/bethanien.digitalewege.de\/wp-content\/uploads\/2022\/11\/cropped-Favicon_512x512.png","type":"image\/png"}],"twitter_misc":{"Est. reading time":"2 minutes"},"schema":{"@context":"https:\/\/schema.org","@graph":[{"@type":"WebPage","@id":"https:\/\/bethanien.de\/en\/imprint\/","url":"https:\/\/bethanien.de\/en\/imprint\/","name":"Imprint - Bethanien","isPartOf":{"@id":"https:\/\/bethanien.de\/#website"},"datePublished":"2024-09-26T11:12:01+00:00","dateModified":"2026-02-23T10:41:02+00:00","breadcrumb":{"@id":"https:\/\/bethanien.de\/en\/imprint\/#breadcrumb"},"inLanguage":"en-US","potentialAction":[{"@type":"ReadAction","target":["https:\/\/bethanien.de\/en\/imprint\/"]}]},{"@type":"BreadcrumbList","@id":"https:\/\/bethanien.de\/en\/imprint\/#breadcrumb","itemListElement":[{"@type":"ListItem","position":1,"name":"Startseite","item":"https:\/\/bethanien.de\/en\/"},{"@type":"ListItem","position":2,"name":"Imprint"}]},{"@type":"WebSite","@id":"https:\/\/bethanien.de\/#website","url":"https:\/\/bethanien.de\/","name":"K\u00fcnstlerhaus Bethanien","description":"Das K\u00fcnstlerhaus Bethanien bietet ein Netzwerk, das den internationalen Kulturaustausch st\u00e4rkt und Berlin als Zentrum der zeitgen\u00f6ssischen Kunst weiter etabliert.","publisher":{"@id":"https:\/\/bethanien.de\/#organization"},"alternateName":"KB","potentialAction":[{"@type":"SearchAction","target":{"@type":"EntryPoint","urlTemplate":"https:\/\/bethanien.de\/?s={search_term_string}"},"query-input":{"@type":"PropertyValueSpecification","valueRequired":true,"valueName":"search_term_string"}}],"inLanguage":"en-US"},{"@type":"Organization","@id":"https:\/\/bethanien.de\/#organization","name":"K\u00fcnstlerhaus Bethanien","url":"https:\/\/bethanien.de\/","logo":{"@type":"ImageObject","inLanguage":"en-US","@id":"https:\/\/bethanien.de\/#\/schema\/logo\/image\/","url":"https:\/\/bethanien.digitalewege.de\/wp-content\/uploads\/2022\/11\/cropped-Favicon_512x512.png","contentUrl":"https:\/\/bethanien.digitalewege.de\/wp-content\/uploads\/2022\/11\/cropped-Favicon_512x512.png","width":512,"height":512,"caption":"K\u00fcnstlerhaus Bethanien"},"image":{"@id":"https:\/\/bethanien.de\/#\/schema\/logo\/image\/"},"sameAs":["https:\/\/www.facebook.com\/kuenstlerhausbethanien","https:\/\/www.instagram.com\/kuenstlerhaus.bethanien\/"]}]}},"_links":{"self":[{"href":"https:\/\/bethanien.digitalewege.de\/en\/wp-json\/wp\/v2\/pages\/39608","targetHints":{"allow":["GET"]}}],"collection":[{"href":"https:\/\/bethanien.digitalewege.de\/en\/wp-json\/wp\/v2\/pages"}],"about":[{"href":"https:\/\/bethanien.digitalewege.de\/en\/wp-json\/wp\/v2\/types\/page"}],"author":[{"embeddable":true,"href":"https:\/\/bethanien.digitalewege.de\/en\/wp-json\/wp\/v2\/users\/3"}],"replies":[{"embeddable":true,"href":"https:\/\/bethanien.digitalewege.de\/en\/wp-json\/wp\/v2\/comments?post=39608"}],"version-history":[{"count":13,"href":"https:\/\/bethanien.digitalewege.de\/en\/wp-json\/wp\/v2\/pages\/39608\/revisions"}],"predecessor-version":[{"id":49586,"href":"https:\/\/bethanien.digitalewege.de\/en\/wp-json\/wp\/v2\/pages\/39608\/revisions\/49586"}],"wp:attachment":[{"href":"https:\/\/bethanien.digitalewege.de\/en\/wp-json\/wp\/v2\/media?parent=39608"}],"curies":[{"name":"wp","href":"https:\/\/api.w.org\/{rel}","templated":true}]}}